{"id":584,"date":"2018-07-03T12:29:56","date_gmt":"2018-07-03T12:29:56","guid":{"rendered":"https:\/\/app.blv.foodcase-services.com\/informazioni-giuridici\/"},"modified":"2019-02-04T16:16:33","modified_gmt":"2019-02-04T15:16:33","slug":"informazioni-giuridici","status":"publish","type":"page","link":"https:\/\/valeursnutritives.ch\/it\/informazioni-giuridici\/","title":{"rendered":"Informazioni giuridiche"},"content":{"rendered":"<div class=\"fusion-fullwidth fullwidth-box fusion-builder-row-1 nonhundred-percent-fullwidth non-hundred-percent-height-scrolling\" style=\"background-color: #ffffff;background-position: center center;background-repeat: no-repeat;padding-top:60px;padding-right:0px;padding-bottom:60px;padding-left:0px;margin-bottom: 0px;border-width: 0px 0px 0px 0px;border-color:#eae9e9;border-style:solid;\" ><div class=\"fusion-builder-row fusion-row\"><div class=\"fusion-layout-column fusion_builder_column fusion-builder-column-0 fusion_builder_column_1_6 1_6 fusion-one-sixth fusion-column-first\" style=\"width:16.666666666667%;width:calc(16.666666666667% - ( ( 4% + 4% ) * 0.16666666666667 ) );margin-right: 4%;margin-top:0px;margin-bottom:20px;\"><div class=\"fusion-column-wrapper fusion-flex-column-wrapper-legacy\" style=\"background-position:left top;background-repeat:no-repeat;-webkit-background-size:cover;-moz-background-size:cover;-o-background-size:cover;background-size:cover;padding: 0px 0px 0px 0px;\"><div class=\"fusion-clearfix\"><\/div><\/div><\/div><div class=\"fusion-layout-column fusion_builder_column fusion-builder-column-1 fusion_builder_column_2_3 2_3 fusion-two-third\" style=\"width:66.666666666667%;width:calc(66.666666666667% - ( ( 4% + 4% ) * 0.66666666666667 ) );margin-right: 4%;margin-top:0px;margin-bottom:20px;\"><div class=\"fusion-column-wrapper fusion-flex-column-wrapper-legacy\" style=\"background-position:left top;background-repeat:no-repeat;-webkit-background-size:cover;-moz-background-size:cover;-o-background-size:cover;background-size:cover;padding: 0px 0px 0px 0px;\"><div class=\"fusion-text fusion-text-1\"><p><b>Responsabilit\u00e0<\/b><br \/>\nNonostante si presti grande attenzione all\u2019esattezza delle informazioni pubblicate su questo sito, le autorit\u00e0 federali declinano ogni responsabilit\u00e0 per la fedelt\u00e0, l\u2019esattezza, l\u2019attualit\u00e0, l\u2019affidabilit\u00e0 e la completezza di tali informazioni.<\/p>\n<p>Le autorit\u00e0 federali si riservano esplicitamente il diritto in qualsiasi momento di modificare parzialmente o completamente il contenuto del sito, di cancellarlo o di sospenderne temporaneamente la pubblicazione, senza alcun preavviso.<\/p>\n<p>Le autorit\u00e0 federali declinano ogni responsabilit\u00e0 per danni materiali o immateriali derivanti dall\u2019accesso alle informazioni diffuse, dall\u2019uso o dal mancato uso del sito, oppure che sono riconducibili a un malfunzionamento del collegamento o a disturbi tecnici del sito.<\/p>\n<p><b>Rimandi e collegamenti<\/b><br \/>\nRimandi e collegamenti a siti web di terzi non rientrano nella sfera di responsabilit\u00e0 delle autorit\u00e0 federali. L\u2019utente consulta e utilizza queste pagine web a proprio rischio. Le autorit\u00e0 federali dichiarano esplicitamente di non avere nessuna influenza sulla forma, il contenuto e le offerte delle pagine collegate. Le informazioni e i servizi offerti da queste pagine web sono interamente di responsabilit\u00e0 dei loro autori.<\/p>\n<p>Le autorit\u00e0 federali declinano ogni responsabilit\u00e0 per queste pagine web.<\/p>\n<p><b>Protezione dei dati<\/b><br \/>\nAi sensi dell\u2019articolo 13 della Costituzione federale della Confederazione Svizzera e secondo le leggi sulla protezione dei dati, ognuno ha diritto al rispetto della sua vita privata nonch\u00e9 d\u2019essere protetto da un impiego abusivo dei suoi dati personali. Le autorit\u00e0 federali si attengono rigorosamente a queste disposizioni. I dati personali sono trattati con la massima riservatezza e non sono venduti n\u00e9 trasmessi a terzi.<\/p>\n<p>In stretta collaborazione con i nostri Hosting-Provider, ci sforziamo di proteggere con ogni mezzo le banche dati da intrusioni esterne, perdite, abusi o falsificazioni.<\/p>\n<p>In caso di accesso al nostro sito web vengono registrati i dati seguenti: l\u2019indirizzo IP, la data, l\u2019ora, la chiamata del sistema di navigazione e tutte le informazioni generalmente trasmesse sul sistema operativo rispettivamente sul sistema di navigazione.<\/p>\n<p>Questi dati permettano alle autorit\u00e0 federali d\u2019elaborare valutazioni statistiche in forma anonima in modo tale da identificarne le tendenze, con lo scopo di migliorare l\u2019offerta. Secondo la legge federale sulla sorveglianza della corrispondenza postale e del traffico delle telecomunicazioni (LSCPT), i dati di collegamento devono essere conservati almeno per sei mesi.<\/p>\n<p><b>Diritti d\u2019autore<\/b><br \/>\nDiritti d\u2019autore: autorit\u00e0 federali della Confederazione Svizzera.<\/p>\n<p>Le informazioni contenute nei siti Web delle autorit\u00e0 federali sono messe a disposizione del pubblico. Lo scaricamento o la copia di testi, immagini, fotografie e altri dati non implicano il trasferimento dei diritti sui contenuti.<\/p>\n<p>I diritti d\u2019autore vincolati ai testi, alle immagini, alle fotografie e agli altri dati pubblicati sui siti Web delle autorit\u00e0 federali sono di loro propriet\u00e0 esclusiva o dei loro detentori espressamente menzionati. Ogni riproduzione \u00e8 subordinata all\u2019autorizzazione previa scritta del detentore dei diritti.<\/p>\n<p>Ultima modifica 27.02.2019<\/p>\n<\/div><div class=\"fusion-clearfix\"><\/div><\/div><\/div><div class=\"fusion-layout-column fusion_builder_column fusion-builder-column-2 fusion_builder_column_1_6 1_6 fusion-one-sixth fusion-column-last heading-section\" style=\"width:16.666666666667%;width:calc(16.666666666667% - ( ( 4% + 4% ) * 0.16666666666667 ) );margin-top:0px;margin-bottom:20px;\"><div class=\"fusion-column-wrapper fusion-flex-column-wrapper-legacy\" style=\"background-position:left top;background-repeat:no-repeat;-webkit-background-size:cover;-moz-background-size:cover;-o-background-size:cover;background-size:cover;padding: 0px 0px 0px 0px;\"><div class=\"fusion-clearfix\"><\/div><\/div><\/div><\/div><\/div>\n","protected":false},"excerpt":{"rendered":"","protected":false},"author":2,"featured_media":0,"parent":0,"menu_order":0,"comment_status":"closed","ping_status":"closed","template":"100-width.php","meta":{"footnotes":""},"class_list":["post-584","page","type-page","status-publish","hentry"],"yoast_head":"<!-- This site is optimized with the Yoast SEO plugin v23.9 - https:\/\/yoast.com\/wordpress\/plugins\/seo\/ -->\n<title>Informazioni giuridiche - The Swiss Food Composition Database<\/title>\n<meta name=\"robots\" content=\"index, follow, max-snippet:-1, max-image-preview:large, max-video-preview:-1\" \/>\n<link rel=\"canonical\" href=\"https:\/\/naehrwertdaten.ch\/it\/informazioni-giuridici\/\" \/>\n<meta property=\"og:locale\" content=\"it_IT\" \/>\n<meta property=\"og:type\" content=\"article\" \/>\n<meta property=\"og:title\" content=\"Informazioni giuridiche - The Swiss Food Composition Database\" \/>\n<meta property=\"og:url\" content=\"https:\/\/naehrwertdaten.ch\/it\/informazioni-giuridici\/\" \/>\n<meta property=\"og:site_name\" content=\"The Swiss Food Composition Database\" \/>\n<meta property=\"article:modified_time\" content=\"2019-02-04T15:16:33+00:00\" \/>\n<meta name=\"twitter:card\" content=\"summary_large_image\" \/>\n<meta name=\"twitter:label1\" content=\"Tempo di lettura stimato\" \/>\n\t<meta name=\"twitter:data1\" content=\"4 minuti\" \/>\n<script type=\"application\/ld+json\" class=\"yoast-schema-graph\">{\"@context\":\"https:\/\/schema.org\",\"@graph\":[{\"@type\":\"WebPage\",\"@id\":\"https:\/\/naehrwertdaten.ch\/it\/informazioni-giuridici\/\",\"url\":\"https:\/\/naehrwertdaten.ch\/it\/informazioni-giuridici\/\",\"name\":\"Informazioni giuridiche - The Swiss Food Composition Database\",\"isPartOf\":{\"@id\":\"https:\/\/naehrwertdaten.ch\/de\/#website\"},\"datePublished\":\"2018-07-03T12:29:56+00:00\",\"dateModified\":\"2019-02-04T15:16:33+00:00\",\"breadcrumb\":{\"@id\":\"https:\/\/naehrwertdaten.ch\/it\/informazioni-giuridici\/#breadcrumb\"},\"inLanguage\":\"it-IT\",\"potentialAction\":[{\"@type\":\"ReadAction\",\"target\":[\"https:\/\/naehrwertdaten.ch\/it\/informazioni-giuridici\/\"]}]},{\"@type\":\"BreadcrumbList\",\"@id\":\"https:\/\/naehrwertdaten.ch\/it\/informazioni-giuridici\/#breadcrumb\",\"itemListElement\":[{\"@type\":\"ListItem\",\"position\":1,\"name\":\"Home\",\"item\":\"https:\/\/valeursnutritives.ch\/it\/\"},{\"@type\":\"ListItem\",\"position\":2,\"name\":\"Informazioni giuridiche\"}]},{\"@type\":\"WebSite\",\"@id\":\"https:\/\/naehrwertdaten.ch\/de\/#website\",\"url\":\"https:\/\/naehrwertdaten.ch\/de\/\",\"name\":\"The Swiss Food Composition Database\",\"description\":\"The Swiss Food Composition Database is a data collection of the Federal Food Safety and Veterinary Office FSVO on the composition of foods that are available in Switzerland.\",\"potentialAction\":[{\"@type\":\"SearchAction\",\"target\":{\"@type\":\"EntryPoint\",\"urlTemplate\":\"https:\/\/naehrwertdaten.ch\/de\/?s={search_term_string}\"},\"query-input\":{\"@type\":\"PropertyValueSpecification\",\"valueRequired\":true,\"valueName\":\"search_term_string\"}}],\"inLanguage\":\"it-IT\"}]}<\/script>\n<!-- \/ Yoast SEO plugin. -->","yoast_head_json":{"title":"Informazioni giuridiche - The Swiss Food Composition Database","robots":{"index":"index","follow":"follow","max-snippet":"max-snippet:-1","max-image-preview":"max-image-preview:large","max-video-preview":"max-video-preview:-1"},"canonical":"https:\/\/naehrwertdaten.ch\/it\/informazioni-giuridici\/","og_locale":"it_IT","og_type":"article","og_title":"Informazioni giuridiche - The Swiss Food Composition Database","og_url":"https:\/\/naehrwertdaten.ch\/it\/informazioni-giuridici\/","og_site_name":"The Swiss Food Composition Database","article_modified_time":"2019-02-04T15:16:33+00:00","twitter_card":"summary_large_image","twitter_misc":{"Tempo di lettura stimato":"4 minuti"},"schema":{"@context":"https:\/\/schema.org","@graph":[{"@type":"WebPage","@id":"https:\/\/naehrwertdaten.ch\/it\/informazioni-giuridici\/","url":"https:\/\/naehrwertdaten.ch\/it\/informazioni-giuridici\/","name":"Informazioni giuridiche - The Swiss Food Composition Database","isPartOf":{"@id":"https:\/\/naehrwertdaten.ch\/de\/#website"},"datePublished":"2018-07-03T12:29:56+00:00","dateModified":"2019-02-04T15:16:33+00:00","breadcrumb":{"@id":"https:\/\/naehrwertdaten.ch\/it\/informazioni-giuridici\/#breadcrumb"},"inLanguage":"it-IT","potentialAction":[{"@type":"ReadAction","target":["https:\/\/naehrwertdaten.ch\/it\/informazioni-giuridici\/"]}]},{"@type":"BreadcrumbList","@id":"https:\/\/naehrwertdaten.ch\/it\/informazioni-giuridici\/#breadcrumb","itemListElement":[{"@type":"ListItem","position":1,"name":"Home","item":"https:\/\/valeursnutritives.ch\/it\/"},{"@type":"ListItem","position":2,"name":"Informazioni giuridiche"}]},{"@type":"WebSite","@id":"https:\/\/naehrwertdaten.ch\/de\/#website","url":"https:\/\/naehrwertdaten.ch\/de\/","name":"The Swiss Food Composition Database","description":"The Swiss Food Composition Database is a data collection of the Federal Food Safety and Veterinary Office FSVO on the composition of foods that are available in Switzerland.","potentialAction":[{"@type":"SearchAction","target":{"@type":"EntryPoint","urlTemplate":"https:\/\/naehrwertdaten.ch\/de\/?s={search_term_string}"},"query-input":{"@type":"PropertyValueSpecification","valueRequired":true,"valueName":"search_term_string"}}],"inLanguage":"it-IT"}]}},"_links":{"self":[{"href":"https:\/\/valeursnutritives.ch\/it\/wp-json\/wp\/v2\/pages\/584","targetHints":{"allow":["GET"]}}],"collection":[{"href":"https:\/\/valeursnutritives.ch\/it\/wp-json\/wp\/v2\/pages"}],"about":[{"href":"https:\/\/valeursnutritives.ch\/it\/wp-json\/wp\/v2\/types\/page"}],"author":[{"embeddable":true,"href":"https:\/\/valeursnutritives.ch\/it\/wp-json\/wp\/v2\/users\/2"}],"replies":[{"embeddable":true,"href":"https:\/\/valeursnutritives.ch\/it\/wp-json\/wp\/v2\/comments?post=584"}],"version-history":[{"count":5,"href":"https:\/\/valeursnutritives.ch\/it\/wp-json\/wp\/v2\/pages\/584\/revisions"}],"predecessor-version":[{"id":1239,"href":"https:\/\/valeursnutritives.ch\/it\/wp-json\/wp\/v2\/pages\/584\/revisions\/1239"}],"wp:attachment":[{"href":"https:\/\/valeursnutritives.ch\/it\/wp-json\/wp\/v2\/media?parent=584"}],"curies":[{"name":"wp","href":"https:\/\/api.w.org\/{rel}","templated":true}]}}