{"id":578,"date":"2018-07-03T12:28:26","date_gmt":"2018-07-03T12:28:26","guid":{"rendered":"https:\/\/app.blv.foodcase-services.com\/informations-juridiques\/"},"modified":"2019-02-04T16:14:09","modified_gmt":"2019-02-04T15:14:09","slug":"informations-juridiques","status":"publish","type":"page","link":"https:\/\/valeursnutritives.ch\/fr\/informations-juridiques\/","title":{"rendered":"Informations juridiques"},"content":{"rendered":"<div class=\"fusion-fullwidth fullwidth-box fusion-builder-row-1 nonhundred-percent-fullwidth non-hundred-percent-height-scrolling\" style=\"background-color: #ffffff;background-position: center center;background-repeat: no-repeat;padding-top:60px;padding-right:0px;padding-bottom:60px;padding-left:0px;margin-bottom: 0px;border-width: 0px 0px 0px 0px;border-color:#eae9e9;border-style:solid;\" ><div class=\"fusion-builder-row fusion-row\"><div class=\"fusion-layout-column fusion_builder_column fusion-builder-column-0 fusion_builder_column_1_6 1_6 fusion-one-sixth fusion-column-first\" style=\"width:16.666666666667%;width:calc(16.666666666667% - ( ( 4% + 4% ) * 0.16666666666667 ) );margin-right: 4%;margin-top:0px;margin-bottom:20px;\"><div class=\"fusion-column-wrapper fusion-flex-column-wrapper-legacy\" style=\"background-position:left top;background-repeat:no-repeat;-webkit-background-size:cover;-moz-background-size:cover;-o-background-size:cover;background-size:cover;padding: 0px 0px 0px 0px;\"><div class=\"fusion-clearfix\"><\/div><\/div><\/div><div class=\"fusion-layout-column fusion_builder_column fusion-builder-column-1 fusion_builder_column_2_3 2_3 fusion-two-third\" style=\"width:66.666666666667%;width:calc(66.666666666667% - ( ( 4% + 4% ) * 0.66666666666667 ) );margin-right: 4%;margin-top:0px;margin-bottom:20px;\"><div class=\"fusion-column-wrapper fusion-flex-column-wrapper-legacy\" style=\"background-position:left top;background-repeat:no-repeat;-webkit-background-size:cover;-moz-background-size:cover;-o-background-size:cover;background-size:cover;padding: 0px 0px 0px 0px;\"><div class=\"fusion-text fusion-text-1\"><p><span class=\"text-to-read\"><b>Responsabilit\u00e9<\/b><br \/>\nMalgr\u00e9 la grande attention qu\u2019elles portent \u00e0 la justesse des informations diffus\u00e9es sur ce site, les autorit\u00e9s f\u00e9d\u00e9rales ne peuvent endosser aucune responsabilit\u00e9 quant \u00e0 la fid\u00e9lit\u00e9, \u00e0 l\u2019exactitude, \u00e0 l\u2019actualisation, \u00e0 la fiabilit\u00e9 et \u00e0 l\u2019exhaustivit\u00e9 de ces informations.<\/span><\/p>\n<p>Les autorit\u00e9s f\u00e9d\u00e9rales se r\u00e9servent express\u00e9ment le droit de modifier en partie ou en totalit\u00e9 le contenu de ce site, de le supprimer ou d\u2019en suspendre temporairement la diffusion, et ce \u00e0 tout moment et sans avertissement pr\u00e9alable.<\/p>\n<p>Les autorit\u00e9s f\u00e9d\u00e9rales ne sauraient \u00eatre tenues responsables des dommages mat\u00e9riels ou immat\u00e9riels qui pourraient \u00eatre caus\u00e9s par l\u2019acc\u00e8s aux informations diffus\u00e9es ou par leur utilisation ou non-utilisation, par le mauvais usage de la connexion ou par des probl\u00e8mes techniques.<\/p>\n<p><span class=\"text-to-read\"><br \/>\n<b>Renvois et liens<\/b><br \/>\nLes renvois et liens vers d\u2019autres sites Internet ne sont pas de la responsabilit\u00e9 des autorit\u00e9s f\u00e9d\u00e9rales. L\u2019acc\u00e8s \u00e0 ces sites et leur utilisation se font aux risques des utilisateurs. Les autorit\u00e9s f\u00e9d\u00e9rales d\u00e9clarent express\u00e9ment qu\u2019elles n\u2019ont aucune influence sur la forme, le contenu et les offres des sites auxquels elles renvoient. Les informations et services offerts par ces sites d\u00e9pendent enti\u00e8rement de la responsabilit\u00e9 de leurs auteurs.<\/span><\/p>\n<p>Les autorit\u00e9s f\u00e9d\u00e9rales rejettent toute responsabilit\u00e9 pour de tels sites Internet.<\/p>\n<p><span class=\"text-to-read\"><br \/>\n<b>Protection des donn\u00e9es<\/b><br \/>\nL\u2019art. 13 de la Constitution f\u00e9d\u00e9rale et les dispositions l\u00e9gales de la Conf\u00e9d\u00e9ration suisse sur la protection des donn\u00e9es disposent que toute personne a droit \u00e0 la protection de sa sph\u00e8re priv\u00e9e ainsi qu\u2019\u00e0 la protection contre l&#8217;emploi abusif des donn\u00e9es qui la concernent. Les autorit\u00e9s f\u00e9d\u00e9rales observent strictement ces dispositions. Les donn\u00e9es personnelles sont trait\u00e9es de fa\u00e7on parfaitement confidentielle et ne sont ni vendues, ni transmises \u00e0 des tiers.<\/span><\/p>\n<p>Nous nous effor\u00e7ons, en collaboration \u00e9troite avec nos h\u00e9bergeurs, de prot\u00e9ger au mieux possible nos banques de donn\u00e9es des intrusions externes, des pertes, du mauvais usage et de la falsification.<\/p>\n<p>Lors de l\u2019acc\u00e8s \u00e0 notre site Internet les donn\u00e9es suivantes sont enregistr\u00e9es : l\u2019adresse IP, la date, l\u2019heure, la num\u00e9rotation du logiciel de navigation ainsi des informations g\u00e9n\u00e9ralement transmises sur le syst\u00e8me d\u2019exploitation ou sur le logiciel de navigation.<\/p>\n<p>Ces donn\u00e9es permettent aux autorit\u00e9s f\u00e9d\u00e9rales de proc\u00e9der \u00e0 des \u00e9valuations statistiques anonymis\u00e9es, afin de reconna\u00eetre des tendances servant \u00e0 am\u00e9liorer l\u2019offre. Selon la loi f\u00e9d\u00e9rale sur la surveillance de la correspondance par poste et t\u00e9l\u00e9communication (LSCPT), il existe une obligation l\u00e9gale de conserver durant au moins six mois les donn\u00e9es de connexion.<\/p>\n<p><span class=\"text-to-read\"><br \/>\n<b>Droits d\u2019auteur<\/b><br \/>\nDroits d\u2019auteur : autorit\u00e9s de la Conf\u00e9d\u00e9ration suisse.<\/span><\/p>\n<p>Les informations figurant sur les sites Internet des autorit\u00e9s f\u00e9d\u00e9rales sont mises \u00e0 la disposition du public. Le t\u00e9l\u00e9chargement ou la copie de textes, d\u2019illustrations, de photographies ou d\u2019autres donn\u00e9es n\u2019entra\u00eenent aucun transfert de droits sur les contenus.<\/p>\n<p>Les droits d\u2019auteur et tous les autres droits li\u00e9s aux textes, aux illustrations, aux photographies et aux autres donn\u00e9es plac\u00e9s sur les sites Internet des autorit\u00e9s f\u00e9d\u00e9rales sont leur propri\u00e9t\u00e9 exclusive ou celle des d\u00e9tenteurs express\u00e9ment cit\u00e9s. Toute reproduction est subordonn\u00e9e \u00e0 l\u2019autorisation \u00e9crite pr\u00e9alable du d\u00e9tenteur des droits.<\/p>\n<p>Derni\u00e8re modification: 27.02.2019<\/p>\n<p><span class=\"text-to-read\">\u00a0<\/span><\/p>\n<\/div><div class=\"fusion-clearfix\"><\/div><\/div><\/div><div class=\"fusion-layout-column fusion_builder_column fusion-builder-column-2 fusion_builder_column_1_6 1_6 fusion-one-sixth fusion-column-last heading-section\" style=\"width:16.666666666667%;width:calc(16.666666666667% - ( ( 4% + 4% ) * 0.16666666666667 ) );margin-top:0px;margin-bottom:20px;\"><div class=\"fusion-column-wrapper fusion-flex-column-wrapper-legacy\" style=\"background-position:left top;background-repeat:no-repeat;-webkit-background-size:cover;-moz-background-size:cover;-o-background-size:cover;background-size:cover;padding: 0px 0px 0px 0px;\"><div class=\"fusion-clearfix\"><\/div><\/div><\/div><\/div><\/div>\n","protected":false},"excerpt":{"rendered":"","protected":false},"author":2,"featured_media":0,"parent":0,"menu_order":0,"comment_status":"closed","ping_status":"closed","template":"100-width.php","meta":{"footnotes":""},"class_list":["post-578","page","type-page","status-publish","hentry"],"yoast_head":"<!-- This site is optimized with the Yoast SEO plugin v23.9 - https:\/\/yoast.com\/wordpress\/plugins\/seo\/ -->\n<title>Informations juridiques - The Swiss Food Composition Database<\/title>\n<meta name=\"robots\" content=\"index, follow, max-snippet:-1, max-image-preview:large, max-video-preview:-1\" \/>\n<link rel=\"canonical\" href=\"https:\/\/valeursnutritives.ch\/fr\/informations-juridiques\/\" \/>\n<meta property=\"og:locale\" content=\"fr_FR\" \/>\n<meta property=\"og:type\" content=\"article\" \/>\n<meta property=\"og:title\" content=\"Informations juridiques - The Swiss Food Composition Database\" \/>\n<meta property=\"og:url\" content=\"https:\/\/valeursnutritives.ch\/fr\/informations-juridiques\/\" \/>\n<meta property=\"og:site_name\" content=\"The Swiss Food Composition Database\" \/>\n<meta property=\"article:modified_time\" content=\"2019-02-04T15:14:09+00:00\" \/>\n<meta name=\"twitter:card\" content=\"summary_large_image\" \/>\n<meta name=\"twitter:label1\" content=\"Dur\u00e9e de lecture estim\u00e9e\" \/>\n\t<meta name=\"twitter:data1\" content=\"5 minutes\" \/>\n<script type=\"application\/ld+json\" class=\"yoast-schema-graph\">{\"@context\":\"https:\/\/schema.org\",\"@graph\":[{\"@type\":\"WebPage\",\"@id\":\"https:\/\/valeursnutritives.ch\/fr\/informations-juridiques\/\",\"url\":\"https:\/\/valeursnutritives.ch\/fr\/informations-juridiques\/\",\"name\":\"Informations juridiques - The Swiss Food Composition Database\",\"isPartOf\":{\"@id\":\"https:\/\/naehrwertdaten.ch\/de\/#website\"},\"datePublished\":\"2018-07-03T12:28:26+00:00\",\"dateModified\":\"2019-02-04T15:14:09+00:00\",\"breadcrumb\":{\"@id\":\"https:\/\/valeursnutritives.ch\/fr\/informations-juridiques\/#breadcrumb\"},\"inLanguage\":\"fr-FR\",\"potentialAction\":[{\"@type\":\"ReadAction\",\"target\":[\"https:\/\/valeursnutritives.ch\/fr\/informations-juridiques\/\"]}]},{\"@type\":\"BreadcrumbList\",\"@id\":\"https:\/\/valeursnutritives.ch\/fr\/informations-juridiques\/#breadcrumb\",\"itemListElement\":[{\"@type\":\"ListItem\",\"position\":1,\"name\":\"Home\",\"item\":\"https:\/\/valeursnutritives.ch\/fr\/\"},{\"@type\":\"ListItem\",\"position\":2,\"name\":\"Informations juridiques\"}]},{\"@type\":\"WebSite\",\"@id\":\"https:\/\/naehrwertdaten.ch\/de\/#website\",\"url\":\"https:\/\/naehrwertdaten.ch\/de\/\",\"name\":\"The Swiss Food Composition Database\",\"description\":\"The Swiss Food Composition Database is a data collection of the Federal Food Safety and Veterinary Office FSVO on the composition of foods that are available in Switzerland.\",\"potentialAction\":[{\"@type\":\"SearchAction\",\"target\":{\"@type\":\"EntryPoint\",\"urlTemplate\":\"https:\/\/naehrwertdaten.ch\/de\/?s={search_term_string}\"},\"query-input\":{\"@type\":\"PropertyValueSpecification\",\"valueRequired\":true,\"valueName\":\"search_term_string\"}}],\"inLanguage\":\"fr-FR\"}]}<\/script>\n<!-- \/ Yoast SEO plugin. -->","yoast_head_json":{"title":"Informations juridiques - The Swiss Food Composition Database","robots":{"index":"index","follow":"follow","max-snippet":"max-snippet:-1","max-image-preview":"max-image-preview:large","max-video-preview":"max-video-preview:-1"},"canonical":"https:\/\/valeursnutritives.ch\/fr\/informations-juridiques\/","og_locale":"fr_FR","og_type":"article","og_title":"Informations juridiques - The Swiss Food Composition Database","og_url":"https:\/\/valeursnutritives.ch\/fr\/informations-juridiques\/","og_site_name":"The Swiss Food Composition Database","article_modified_time":"2019-02-04T15:14:09+00:00","twitter_card":"summary_large_image","twitter_misc":{"Dur\u00e9e de lecture estim\u00e9e":"5 minutes"},"schema":{"@context":"https:\/\/schema.org","@graph":[{"@type":"WebPage","@id":"https:\/\/valeursnutritives.ch\/fr\/informations-juridiques\/","url":"https:\/\/valeursnutritives.ch\/fr\/informations-juridiques\/","name":"Informations juridiques - The Swiss Food Composition Database","isPartOf":{"@id":"https:\/\/naehrwertdaten.ch\/de\/#website"},"datePublished":"2018-07-03T12:28:26+00:00","dateModified":"2019-02-04T15:14:09+00:00","breadcrumb":{"@id":"https:\/\/valeursnutritives.ch\/fr\/informations-juridiques\/#breadcrumb"},"inLanguage":"fr-FR","potentialAction":[{"@type":"ReadAction","target":["https:\/\/valeursnutritives.ch\/fr\/informations-juridiques\/"]}]},{"@type":"BreadcrumbList","@id":"https:\/\/valeursnutritives.ch\/fr\/informations-juridiques\/#breadcrumb","itemListElement":[{"@type":"ListItem","position":1,"name":"Home","item":"https:\/\/valeursnutritives.ch\/fr\/"},{"@type":"ListItem","position":2,"name":"Informations juridiques"}]},{"@type":"WebSite","@id":"https:\/\/naehrwertdaten.ch\/de\/#website","url":"https:\/\/naehrwertdaten.ch\/de\/","name":"The Swiss Food Composition Database","description":"The Swiss Food Composition Database is a data collection of the Federal Food Safety and Veterinary Office FSVO on the composition of foods that are available in Switzerland.","potentialAction":[{"@type":"SearchAction","target":{"@type":"EntryPoint","urlTemplate":"https:\/\/naehrwertdaten.ch\/de\/?s={search_term_string}"},"query-input":{"@type":"PropertyValueSpecification","valueRequired":true,"valueName":"search_term_string"}}],"inLanguage":"fr-FR"}]}},"_links":{"self":[{"href":"https:\/\/valeursnutritives.ch\/fr\/wp-json\/wp\/v2\/pages\/578","targetHints":{"allow":["GET"]}}],"collection":[{"href":"https:\/\/valeursnutritives.ch\/fr\/wp-json\/wp\/v2\/pages"}],"about":[{"href":"https:\/\/valeursnutritives.ch\/fr\/wp-json\/wp\/v2\/types\/page"}],"author":[{"embeddable":true,"href":"https:\/\/valeursnutritives.ch\/fr\/wp-json\/wp\/v2\/users\/2"}],"replies":[{"embeddable":true,"href":"https:\/\/valeursnutritives.ch\/fr\/wp-json\/wp\/v2\/comments?post=578"}],"version-history":[{"count":5,"href":"https:\/\/valeursnutritives.ch\/fr\/wp-json\/wp\/v2\/pages\/578\/revisions"}],"predecessor-version":[{"id":1235,"href":"https:\/\/valeursnutritives.ch\/fr\/wp-json\/wp\/v2\/pages\/578\/revisions\/1235"}],"wp:attachment":[{"href":"https:\/\/valeursnutritives.ch\/fr\/wp-json\/wp\/v2\/media?parent=578"}],"curies":[{"name":"wp","href":"https:\/\/api.w.org\/{rel}","templated":true}]}}