{"id":299,"date":"2018-06-28T16:25:40","date_gmt":"2018-06-28T16:25:40","guid":{"rendered":"https:\/\/app.blv.foodcase-services.com\/informations\/"},"modified":"2025-07-01T16:16:27","modified_gmt":"2025-07-01T14:16:27","slug":"informations","status":"publish","type":"page","link":"https:\/\/valeursnutritives.ch\/fr\/informations\/","title":{"rendered":"Informations"},"content":{"rendered":"<div class=\"fusion-fullwidth fullwidth-box fusion-builder-row-1 nonhundred-percent-fullwidth non-hundred-percent-height-scrolling\" style=\"background-color: #ffffff;background-position: center center;background-repeat: no-repeat;padding-top:60px;padding-right:0px;padding-bottom:60px;padding-left:0px;margin-bottom: 0px;border-width: 0px 0px 0px 0px;border-color:#eae9e9;border-style:solid;\" ><div class=\"fusion-builder-row fusion-row\"><div class=\"fusion-layout-column fusion_builder_column fusion-builder-column-0 fusion_builder_column_1_6 1_6 fusion-one-sixth fusion-column-first\" style=\"width:16.666666666667%;width:calc(16.666666666667% - ( ( 4% + 4% ) * 0.16666666666667 ) );margin-right: 4%;margin-top:0px;margin-bottom:20px;\"><div class=\"fusion-column-wrapper fusion-flex-column-wrapper-legacy\" style=\"background-position:left top;background-repeat:no-repeat;-webkit-background-size:cover;-moz-background-size:cover;-o-background-size:cover;background-size:cover;padding: 0px 0px 0px 0px;\"><div class=\"fusion-clearfix\"><\/div><\/div><\/div><div class=\"fusion-layout-column fusion_builder_column fusion-builder-column-1 fusion_builder_column_2_3 2_3 fusion-two-third\" style=\"width:66.666666666667%;width:calc(66.666666666667% - ( ( 4% + 4% ) * 0.66666666666667 ) );margin-right: 4%;margin-top:0px;margin-bottom:20px;\"><div class=\"fusion-column-wrapper fusion-flex-column-wrapper-legacy\" style=\"background-position:left top;background-repeat:no-repeat;-webkit-background-size:cover;-moz-background-size:cover;-o-background-size:cover;background-size:cover;padding: 0px 0px 0px 0px;\"><div class=\"fusion-text fusion-text-1\"><p class=\"heading-section\">La base de donn\u00e9es suisse des valeurs nutritives renseigne sur la composition des aliments disponibles en Suisse.<\/p>\n<p>L&rsquo;OSAV propose les donn\u00e9es en libre acc\u00e8s, gratuitement et dans quatre langues (fran\u00e7ais, allemand, italien et anglais). Ces donn\u00e9es peuvent aussi \u00eatre utilis\u00e9es \u00e0 des fins commerciales (p. ex., en \u00e9tant int\u00e9gr\u00e9es \u00e0 un logiciel de calcul de la valeur nutritive ou \u00e0 un journal alimentaire en ligne) ainsi qu\u2019\u00e0 des fins scientifiques, \u00e0 condition d\u2019indiquer la source.<\/p>\n<p>La version actuelle de la base de donn\u00e9es suisse des valeurs nutritives (V 7.0) contient 1220 aliments, r\u00e9partis en 19 grandes familles et en 106 sous-cat\u00e9gories. Il s&rsquo;agit presque exclusivement d&rsquo;aliments g\u00e9n\u00e9riques, c&rsquo;est \u00e0 dire des aliments moyens sans relation avec un fabricant ou une marque. Les seules exceptions sont les eaux min\u00e9rales et certaines boissons alcoolis\u00e9es.<\/p>\n<p>Pour presque chaque aliment, la base de donn\u00e9es fournit la teneur en macronutriments (lipides, acides gras satur\u00e9s, glucides, sucres, prot\u00e9ines, fibres alimentaires), en eau et en alcool, ainsi que la valeur \u00e9nerg\u00e9tique. La teneur en micronutriments (vitamines, min\u00e9raux) ainsi qu&rsquo;une composition plus d\u00e9taill\u00e9e des graisses (groupes d&rsquo;acides gras et certains acides gras individuels) sont \u00e9galement pr\u00e9cis\u00e9es pour la plupart des aliments.<\/p>\n<\/div><div class=\"fusion-clearfix\"><\/div><\/div><\/div><div class=\"fusion-layout-column fusion_builder_column fusion-builder-column-2 fusion_builder_column_1_6 1_6 fusion-one-sixth fusion-column-last heading-section\" style=\"width:16.666666666667%;width:calc(16.666666666667% - ( ( 4% + 4% ) * 0.16666666666667 ) );margin-top:0px;margin-bottom:20px;\"><div class=\"fusion-column-wrapper fusion-flex-column-wrapper-legacy\" style=\"background-position:left top;background-repeat:no-repeat;-webkit-background-size:cover;-moz-background-size:cover;-o-background-size:cover;background-size:cover;padding: 0px 0px 0px 0px;\"><div class=\"fusion-clearfix\"><\/div><\/div><\/div><\/div><\/div>\n","protected":false},"excerpt":{"rendered":"","protected":false},"author":2,"featured_media":0,"parent":0,"menu_order":0,"comment_status":"closed","ping_status":"closed","template":"100-width.php","meta":{"footnotes":""},"class_list":["post-299","page","type-page","status-publish","hentry"],"yoast_head":"<!-- This site is optimized with the Yoast SEO plugin v23.9 - https:\/\/yoast.com\/wordpress\/plugins\/seo\/ -->\n<title>Informations - The Swiss Food Composition Database<\/title>\n<meta name=\"robots\" content=\"index, follow, max-snippet:-1, max-image-preview:large, max-video-preview:-1\" \/>\n<link rel=\"canonical\" href=\"https:\/\/naehrwertdaten.ch\/fr\/informations\/\" \/>\n<meta property=\"og:locale\" content=\"fr_FR\" \/>\n<meta property=\"og:type\" content=\"article\" \/>\n<meta property=\"og:title\" content=\"Informations - The Swiss Food Composition Database\" \/>\n<meta property=\"og:url\" content=\"https:\/\/naehrwertdaten.ch\/fr\/informations\/\" \/>\n<meta property=\"og:site_name\" content=\"The Swiss Food Composition Database\" \/>\n<meta property=\"article:modified_time\" content=\"2025-07-01T14:16:27+00:00\" \/>\n<meta name=\"twitter:card\" content=\"summary_large_image\" \/>\n<meta name=\"twitter:label1\" content=\"Dur\u00e9e de lecture estim\u00e9e\" \/>\n\t<meta name=\"twitter:data1\" content=\"2 minutes\" \/>\n<script type=\"application\/ld+json\" class=\"yoast-schema-graph\">{\"@context\":\"https:\/\/schema.org\",\"@graph\":[{\"@type\":\"WebPage\",\"@id\":\"https:\/\/naehrwertdaten.ch\/fr\/informations\/\",\"url\":\"https:\/\/naehrwertdaten.ch\/fr\/informations\/\",\"name\":\"Informations - The Swiss Food Composition Database\",\"isPartOf\":{\"@id\":\"https:\/\/webapp.prod.blv.foodcase-services.com\/it\/#website\"},\"datePublished\":\"2018-06-28T16:25:40+00:00\",\"dateModified\":\"2025-07-01T14:16:27+00:00\",\"breadcrumb\":{\"@id\":\"https:\/\/naehrwertdaten.ch\/fr\/informations\/#breadcrumb\"},\"inLanguage\":\"fr-FR\",\"potentialAction\":[{\"@type\":\"ReadAction\",\"target\":[\"https:\/\/naehrwertdaten.ch\/fr\/informations\/\"]}]},{\"@type\":\"BreadcrumbList\",\"@id\":\"https:\/\/naehrwertdaten.ch\/fr\/informations\/#breadcrumb\",\"itemListElement\":[{\"@type\":\"ListItem\",\"position\":1,\"name\":\"Home\",\"item\":\"https:\/\/webapp.prod.blv.foodcase-services.com\/fr\/\"},{\"@type\":\"ListItem\",\"position\":2,\"name\":\"Informations\"}]},{\"@type\":\"WebSite\",\"@id\":\"https:\/\/webapp.prod.blv.foodcase-services.com\/it\/#website\",\"url\":\"https:\/\/webapp.prod.blv.foodcase-services.com\/it\/\",\"name\":\"The Swiss Food Composition Database\",\"description\":\"The Swiss Food Composition Database is a data collection of the Federal Food Safety and Veterinary Office FSVO on the composition of foods that are available in Switzerland.\",\"potentialAction\":[{\"@type\":\"SearchAction\",\"target\":{\"@type\":\"EntryPoint\",\"urlTemplate\":\"https:\/\/webapp.prod.blv.foodcase-services.com\/it\/?s={search_term_string}\"},\"query-input\":{\"@type\":\"PropertyValueSpecification\",\"valueRequired\":true,\"valueName\":\"search_term_string\"}}],\"inLanguage\":\"fr-FR\"}]}<\/script>\n<!-- \/ Yoast SEO plugin. -->","yoast_head_json":{"title":"Informations - The Swiss Food Composition Database","robots":{"index":"index","follow":"follow","max-snippet":"max-snippet:-1","max-image-preview":"max-image-preview:large","max-video-preview":"max-video-preview:-1"},"canonical":"https:\/\/naehrwertdaten.ch\/fr\/informations\/","og_locale":"fr_FR","og_type":"article","og_title":"Informations - The Swiss Food Composition Database","og_url":"https:\/\/naehrwertdaten.ch\/fr\/informations\/","og_site_name":"The Swiss Food Composition Database","article_modified_time":"2025-07-01T14:16:27+00:00","twitter_card":"summary_large_image","twitter_misc":{"Dur\u00e9e de lecture estim\u00e9e":"2 minutes"},"schema":{"@context":"https:\/\/schema.org","@graph":[{"@type":"WebPage","@id":"https:\/\/naehrwertdaten.ch\/fr\/informations\/","url":"https:\/\/naehrwertdaten.ch\/fr\/informations\/","name":"Informations - The Swiss Food Composition Database","isPartOf":{"@id":"https:\/\/webapp.prod.blv.foodcase-services.com\/it\/#website"},"datePublished":"2018-06-28T16:25:40+00:00","dateModified":"2025-07-01T14:16:27+00:00","breadcrumb":{"@id":"https:\/\/naehrwertdaten.ch\/fr\/informations\/#breadcrumb"},"inLanguage":"fr-FR","potentialAction":[{"@type":"ReadAction","target":["https:\/\/naehrwertdaten.ch\/fr\/informations\/"]}]},{"@type":"BreadcrumbList","@id":"https:\/\/naehrwertdaten.ch\/fr\/informations\/#breadcrumb","itemListElement":[{"@type":"ListItem","position":1,"name":"Home","item":"https:\/\/webapp.prod.blv.foodcase-services.com\/fr\/"},{"@type":"ListItem","position":2,"name":"Informations"}]},{"@type":"WebSite","@id":"https:\/\/webapp.prod.blv.foodcase-services.com\/it\/#website","url":"https:\/\/webapp.prod.blv.foodcase-services.com\/it\/","name":"The Swiss Food Composition Database","description":"The Swiss Food Composition Database is a data collection of the Federal Food Safety and Veterinary Office FSVO on the composition of foods that are available in Switzerland.","potentialAction":[{"@type":"SearchAction","target":{"@type":"EntryPoint","urlTemplate":"https:\/\/webapp.prod.blv.foodcase-services.com\/it\/?s={search_term_string}"},"query-input":{"@type":"PropertyValueSpecification","valueRequired":true,"valueName":"search_term_string"}}],"inLanguage":"fr-FR"}]}},"_links":{"self":[{"href":"https:\/\/valeursnutritives.ch\/fr\/wp-json\/wp\/v2\/pages\/299","targetHints":{"allow":["GET"]}}],"collection":[{"href":"https:\/\/valeursnutritives.ch\/fr\/wp-json\/wp\/v2\/pages"}],"about":[{"href":"https:\/\/valeursnutritives.ch\/fr\/wp-json\/wp\/v2\/types\/page"}],"author":[{"embeddable":true,"href":"https:\/\/valeursnutritives.ch\/fr\/wp-json\/wp\/v2\/users\/2"}],"replies":[{"embeddable":true,"href":"https:\/\/valeursnutritives.ch\/fr\/wp-json\/wp\/v2\/comments?post=299"}],"version-history":[{"count":20,"href":"https:\/\/valeursnutritives.ch\/fr\/wp-json\/wp\/v2\/pages\/299\/revisions"}],"predecessor-version":[{"id":2350,"href":"https:\/\/valeursnutritives.ch\/fr\/wp-json\/wp\/v2\/pages\/299\/revisions\/2350"}],"wp:attachment":[{"href":"https:\/\/valeursnutritives.ch\/fr\/wp-json\/wp\/v2\/media?parent=299"}],"curies":[{"name":"wp","href":"https:\/\/api.w.org\/{rel}","templated":true}]}}